{"id":393,"date":"2023-04-03T18:36:45","date_gmt":"2023-04-03T16:36:45","guid":{"rendered":"https:\/\/www.doeer.eu\/en\/?page_id=393"},"modified":"2025-11-07T09:46:11","modified_gmt":"2025-11-07T08:46:11","slug":"resources","status":"publish","type":"page","link":"https:\/\/www.doeer.eu\/sl\/resources\/","title":{"rendered":"Viri"},"content":{"rendered":"\r\n<figure class=\"wp-block-image size-full\"><img decoding=\"async\" class=\"wp-image-556\" src=\"https:\/\/www.doeer.eu\/wp-content\/uploads\/2023\/04\/to-learn-4226965.jpg\" alt=\"\" \/><\/figure>\r\n\r\n\r\n\r\n<p>&#8220;Glede na splo\u0161ne in specifi\u010dne cilje DOEER bodo kon\u010dni rezultati projekta prinesli <strong>razli\u010dne dodane vrednosti<\/strong>.<br \/>V tem pogledu bo sodelovanje med evropskimi visoko\u0161olskimi ustanovami okrepilo njihovo vlogo pri oblikovanju na\u010drta, v sodelovanju s poslovnim svetom, za proces enakosti, ki naj bi privedel do ponovnega zagona in odpornosti sodelujo\u010dih dr\u017eav EU, ki naj bi se razvile za sodelovanje v DOEER na na\u010din, ki bo osredoto\u010den na ljudi, digitalno in horizontalno med disciplinami.<br \/><br \/>Zato bo v sodelujo\u010dih dr\u017eavah bistvenega pomena dialog, razprava in nadnacionalna izmenjava konceptualnih usmeritev za oblikovanje u\u010dinkovitega sistema rezultatov, ki bo temeljil na skupnem razumevanju in bo utemeljen na resni\u010dnem razumevanju pojma enakosti.<\/p>\r\n","protected":false},"excerpt":{"rendered":"<p>&#8220;Glede na splo\u0161ne in specifi\u010dne cilje DOEER bodo kon\u010dni rezultati projekta prinesli razli\u010dne dodane vrednosti.V tem pogledu bo sodelovanje med evropskimi visoko\u0161olskimi ustanovami okrepilo njihovo vlogo pri oblikovanju na\u010drta, v sodelovanju s poslovnim svetom, za proces enakosti, ki naj bi privedel do ponovnega zagona in odpornosti sodelujo\u010dih dr\u017eav EU, ki naj bi se razvile za [&hellip;]<\/p>\n","protected":false},"author":3,"featured_media":0,"parent":0,"menu_order":0,"comment_status":"closed","ping_status":"closed","template":"","meta":{"pgc_sgb_lightbox_settings":"","footnotes":""},"class_list":["post-393","page","type-page","status-publish","hentry"],"_links":{"self":[{"href":"https:\/\/www.doeer.eu\/sl\/wp-json\/wp\/v2\/pages\/393","targetHints":{"allow":["GET"]}}],"collection":[{"href":"https:\/\/www.doeer.eu\/sl\/wp-json\/wp\/v2\/pages"}],"about":[{"href":"https:\/\/www.doeer.eu\/sl\/wp-json\/wp\/v2\/types\/page"}],"author":[{"embeddable":true,"href":"https:\/\/www.doeer.eu\/sl\/wp-json\/wp\/v2\/users\/3"}],"replies":[{"embeddable":true,"href":"https:\/\/www.doeer.eu\/sl\/wp-json\/wp\/v2\/comments?post=393"}],"version-history":[{"count":3,"href":"https:\/\/www.doeer.eu\/sl\/wp-json\/wp\/v2\/pages\/393\/revisions"}],"predecessor-version":[{"id":1552,"href":"https:\/\/www.doeer.eu\/sl\/wp-json\/wp\/v2\/pages\/393\/revisions\/1552"}],"wp:attachment":[{"href":"https:\/\/www.doeer.eu\/sl\/wp-json\/wp\/v2\/media?parent=393"}],"curies":[{"name":"wp","href":"https:\/\/api.w.org\/{rel}","templated":true}]}}