{"id":388,"date":"2023-04-03T18:33:32","date_gmt":"2023-04-03T16:33:32","guid":{"rendered":"https:\/\/www.doeer.eu\/en\/?page_id=388"},"modified":"2023-04-22T12:39:33","modified_gmt":"2023-04-22T10:39:33","slug":"activities","status":"publish","type":"page","link":"https:\/\/www.doeer.eu\/sl\/activities\/","title":{"rendered":"Aktivnosti"},"content":{"rendered":"\r\n<figure class=\"wp-block-image size-large\"><img loading=\"lazy\" decoding=\"async\" width=\"1024\" height=\"491\" class=\"wp-image-550\" src=\"https:\/\/www.doeer.eu\/wp-content\/uploads\/2023\/04\/women-3978569-scaled-e1682159949366-1024x491.jpg\" alt=\"\" srcset=\"https:\/\/www.doeer.eu\/wp-content\/uploads\/2023\/04\/women-3978569-scaled-e1682159949366-1024x491.jpg 1024w, https:\/\/www.doeer.eu\/wp-content\/uploads\/2023\/04\/women-3978569-scaled-e1682159949366-300x144.jpg 300w, https:\/\/www.doeer.eu\/wp-content\/uploads\/2023\/04\/women-3978569-scaled-e1682159949366-768x368.jpg 768w, https:\/\/www.doeer.eu\/wp-content\/uploads\/2023\/04\/women-3978569-scaled-e1682159949366-1536x737.jpg 1536w, https:\/\/www.doeer.eu\/wp-content\/uploads\/2023\/04\/women-3978569-scaled-e1682159949366-2048x982.jpg 2048w\" sizes=\"auto, (max-width: 1024px) 100vw, 1024px\" \/><\/figure>\r\n\r\n\r\n\r\n<p>Glavni cilj projekta <strong>Digitalno in odprto izobra\u017eevanje za enakost in odpornost (Digital and Open Education for Equality-based Resilience, DOEER)<\/strong> je spodbujati enakost in enakopravnost ter s tem krepiti odpornost. Projekt se izvaja v Italiji, \u0160paniji, Romuniji, na Slova\u0161kem, Cipru in v Sloveniji. Partnerji bodo razvili namensko digitalno orodje, s katerim bodo sku\u0161ali odpravljati razli\u010dne oblike diskriminacije tako v visokem \u0161olstvu kot na delovnem mestu.<br \/><br \/><strong>Vklju\u010denost in raznolikost<\/strong><br \/>Projekt DOEER spodbuja razvoj bolj vklju\u010dujo\u010dih visoko\u0161olskih sistemov z ve\u010dnivojskim pristopom k enakosti, kar prina\u0161a prednosti posameznikom, dru\u017ebi in gospodarstvu. Vklju\u010devanje je razvojni proces, ki lahko vodi k izbolj\u0161anju vseh podro\u010dij \u010dlovekovega delovanja. Projekt DOEER se osredoto\u010da na enakost, ki je \u0161e posebej temeljnega pomena za doseganje kakr\u0161nih koli vklju\u010dujo\u010dih ciljev. Na\u010delo enakosti je temelj vseh evropskih politik ter osnova za evropsko povezovanje in trajnost. V EU se enakost nana\u0161a na enake pravice vseh dr\u017eavljanov pred zakonom in velja na vseh podro\u010djih. V konceptualni usmeritvi projekta je enakost praksa, ki jo je treba okrepiti na vseh ravneh dejavnosti vklju\u010devanja (individualnih, dru\u017ebenih, delovnih) in poudarja razumevanje in spo\u0161tovanje raznolikosti.<br \/>DOEER spodbuja razumevanje in izvajanje enakosti na podlagi opredelitve enakosti iz Listine Evropske Unije o temeljnih pravicah, III Enakost, zlasti v \u010dlenih 21 Prepoved diskriminacije, 22 Kulturna, verska in jezikovna raznolikost ter 23 Enakost \u017eensk in mo\u0161kih.<br \/><br \/><strong>Digitalna preobrazba<\/strong><br \/>Pobuda DOEER prispeva k digitalni preobrazbi visokega \u0161olstva, ki je eden od stebrov okrevanja po obdobju Covid-19, opisan v Akcijskem na\u010drtu za digitalno izobra\u017eevanje 2021-2027 (Evropska Komisija, 2020), in tako obravnava odpornost visoko\u0161olskih sistemov v EU. S predlagano digitalno preobrazbo visokega \u0161olstva v Italiji, \u0160paniji, Romuniji, na Slova\u0161kem, Cipru in v Sloveniji namerava projekt prispevati k ve\u010dji odpornosti, konkuren\u010dnosti in u\u010dinkovitosti dru\u017eb, pa tudi k njihovi krepitvi, s \u010dimer bo podprl \u0161est sodelujo\u010dih evropskih dr\u017eav, da se \u010dim prej vrnejo v stanje ravnovesja. Predlagana digitalna pobuda DOEER ni le &#8220;osredoto\u010dena na \u010dloveka&#8221; in zasnovana v lu\u010di poglobljenega konteksta vrednot, temve\u010d je njen cilj tudi zoperstavitev digitalnim vpra\u0161anjem, ki lahko vodijo do dru\u017ebenih neenakosti.<br \/><br \/>Projekt DOEER neposredno obravnava te medsebojno povezane cilje in izvaja aktivnosti, ki bodo spodbujale digitalno preobrazbo v visokem \u0161olstvu, pri \u010demer bodo zdru\u017eena prizadevanja evropskih univerz in poslovnega sveta, da bi poleg te vizije dosegli tudi u\u010dinkovito u\u010denje in orodja, ki bodo omogo\u010dila uvedbo procesov, temelje\u010dih na enakosti, ter hkrati izbolj\u0161ala digitalne spretnosti v izobra\u017eevanju.<\/p>\r\n","protected":false},"excerpt":{"rendered":"<p>Glavni cilj projekta Digitalno in odprto izobra\u017eevanje za enakost in odpornost (Digital and Open Education for Equality-based Resilience, DOEER) je spodbujati enakost in enakopravnost ter s tem krepiti odpornost. Projekt se izvaja v Italiji, \u0160paniji, Romuniji, na Slova\u0161kem, Cipru in v Sloveniji. Partnerji bodo razvili namensko digitalno orodje, s katerim bodo sku\u0161ali odpravljati razli\u010dne oblike [&hellip;]<\/p>\n","protected":false},"author":3,"featured_media":0,"parent":0,"menu_order":0,"comment_status":"closed","ping_status":"closed","template":"","meta":{"pgc_sgb_lightbox_settings":"","footnotes":""},"class_list":["post-388","page","type-page","status-publish","hentry"],"_links":{"self":[{"href":"https:\/\/www.doeer.eu\/sl\/wp-json\/wp\/v2\/pages\/388","targetHints":{"allow":["GET"]}}],"collection":[{"href":"https:\/\/www.doeer.eu\/sl\/wp-json\/wp\/v2\/pages"}],"about":[{"href":"https:\/\/www.doeer.eu\/sl\/wp-json\/wp\/v2\/types\/page"}],"author":[{"embeddable":true,"href":"https:\/\/www.doeer.eu\/sl\/wp-json\/wp\/v2\/users\/3"}],"replies":[{"embeddable":true,"href":"https:\/\/www.doeer.eu\/sl\/wp-json\/wp\/v2\/comments?post=388"}],"version-history":[{"count":4,"href":"https:\/\/www.doeer.eu\/sl\/wp-json\/wp\/v2\/pages\/388\/revisions"}],"predecessor-version":[{"id":552,"href":"https:\/\/www.doeer.eu\/sl\/wp-json\/wp\/v2\/pages\/388\/revisions\/552"}],"wp:attachment":[{"href":"https:\/\/www.doeer.eu\/sl\/wp-json\/wp\/v2\/media?parent=388"}],"curies":[{"name":"wp","href":"https:\/\/api.w.org\/{rel}","templated":true}]}}