{"id":362,"date":"2023-04-03T18:16:27","date_gmt":"2023-04-03T16:16:27","guid":{"rendered":"https:\/\/www.doeer.eu\/en\/?page_id=362"},"modified":"2023-04-03T19:40:11","modified_gmt":"2023-04-03T17:40:11","slug":"our-team","status":"publish","type":"page","link":"https:\/\/www.doeer.eu\/sl\/our-team\/","title":{"rendered":"Ekipa"},"content":{"rendered":"\r\n<figure class=\"wp-block-image size-full is-resized\"><img loading=\"lazy\" decoding=\"async\" class=\"wp-image-377\" src=\"https:\/\/www.doeer.eu\/wp-content\/uploads\/2023\/04\/DISP.jpg\" alt=\"\" width=\"145\" height=\"97\" \/><\/figure>\r\n\r\n\r\n\r\n<p><a href=\"http:\/\/www.scienzepolitiche.unina.it\/\">http:\/\/www.scienzepolitiche.unina.it\/<\/a><\/p>\r\n\r\n\r\n\r\n<p>Univerza Federico II v Neaplju, Italija, je bila ustanovljena leta 1224 in je prva javna univerza v Evropi. Danes univerza zaposluje 3.121 ljudi in ponuja 155 \u0161tudijskih smeri 90.000 \u0161tudentom letno, poleg izobra\u017eevalnega pa ima mo\u010dan tudi raziskovalni oddelek. Katedra za politologijo je ena od 26 kateder znotraj univerze. Didaktika in raziskave na njej upo\u0161tevajo multidisciplinarni pristop, s katerim se i\u0161\u010de \u0161ir\u0161e razumevanje dru\u017ebenih vpra\u0161anj za soo\u010danje s sodobnimi izzivi. Znanja, pridobljena med \u0161tudijem politologije, sledijo razvoju dru\u017ebeno-ekonomskega sistema in trga dela, kar pove\u010duje mo\u017enosti \u0161tudentov za kakovostno zaposlitev.<\/p>\r\n\r\n\r\n\r\n<figure class=\"wp-block-image size-full is-resized\"><img loading=\"lazy\" decoding=\"async\" class=\"wp-image-365\" src=\"https:\/\/www.doeer.eu\/wp-content\/uploads\/2023\/04\/eusa.png\" alt=\"\" width=\"210\" height=\"77\" \/><\/figure>\r\n\r\n\r\n\r\n<p><a href=\"https:\/\/www.eusa.es\/\">https:\/\/www.eusa.es\/<\/a><\/p>\r\n\r\n\r\n\r\n<p>EUSA je zasebni univerzitetni center z ve\u010d kot 50 leti izku\u0161enj na podro\u010dju visokega \u0161olstva. Deluje pod okriljem Obrtne zbornice Seville in Univerze v Sevilli, \u0160panija. Osnovni cilji EUSE so zaposljivost, inovacije in internacionalizacija. EUSA ponuja \u0161tudijske programe s podro\u010dja audio-vizualnih komunikacij, ogla\u0161evanja in odnosov z javnostmi, turizma in novinarstva. Njeno poslanstvo je tesno sodelovanje s poslovnim svetom. EUSA poleg \u0161tudijskih programov ponuja tudi strokovne programe in jezikovne te\u010daje.<\/p>\r\n\r\n\r\n\r\n<figure class=\"wp-block-image size-full is-resized\"><img loading=\"lazy\" decoding=\"async\" class=\"wp-image-366\" src=\"https:\/\/www.doeer.eu\/wp-content\/uploads\/2023\/04\/Header-SNSPA-FAP_1.png\" alt=\"\" width=\"565\" height=\"64\" \/><\/figure>\r\n\r\n\r\n\r\n<p><a href=\"http:\/\/www.snspa.ro\" data-type=\"URL\" data-id=\"www.snspa.ro\">www.snspa.ro<\/a><\/p>\r\n\r\n\r\n\r\n<p>Nacionalna univerza za politi\u010dne \u0161tudije in javno upravo (SNSPA) iz Bukare\u0161te je nastala leta 1991 kot \u0161ola za politi\u010dne vede, sociologijo, administrativne vede, mednarodne odnose, diplomacijo, evropske \u0161tudije, komunikologijo, psihologijo, management in \u010dlove\u0161ke vire. Vizija SNSPA je vzpostaviti unikatno razmerje med akademskim okoljem in pristnimi spremembami v dr\u017eavi. SNSPA redno usposablja romunsko elito in svoje delovanje \u0161iri znotraj regije. SNSPA je pridobila certifikat za univerzo z visoko stopnjo zaupanja ARACIS.<\/p>\r\n\r\n\r\n\r\n<figure class=\"wp-block-image size-full is-resized\"><img loading=\"lazy\" decoding=\"async\" class=\"wp-image-372\" src=\"https:\/\/www.doeer.eu\/wp-content\/uploads\/2023\/04\/uk-ba_400x400-e1680539232497.jpg\" alt=\"\" width=\"163\" height=\"186\" srcset=\"https:\/\/www.doeer.eu\/wp-content\/uploads\/2023\/04\/uk-ba_400x400-e1680539232497.jpg 323w, https:\/\/www.doeer.eu\/wp-content\/uploads\/2023\/04\/uk-ba_400x400-e1680539232497-263x300.jpg 263w\" sizes=\"auto, (max-width: 163px) 100vw, 163px\" \/><\/figure>\r\n\r\n\r\n\r\n<p><a href=\"http:\/\/www.uniba.sk\/\">http:\/\/www.uniba.sk\/<\/a><\/p>\r\n\r\n\r\n\r\n<p>In\u0161titut za evropske \u0161tudije in mednarodne odnose (UK BA) je naslednik Katedre za politologijo, ki je bila na Univerzi Comenius v Bratislavi, Slova\u0161ka, ustanovljena leta 1990. \u010clani UK BA imajo multidisciplinarna znanja s podro\u010dja politologije, sociologije, mednarodnih odnosov, organizacijskih ved, zgodovine, prava, ekonomije, diplomacije in filozofije. UK BA je aktiven \u010dlan evropskih raziskovalnih in\u0161titutov in dobro povezan s \u0161tevilnimi univerzami po vsem svetu. In\u0161titut tesno sodeluje s slova\u0161kim zunanjim ministrstvom na podro\u010dju raziskav in organizacije konferenc.<\/p>\r\n\r\n\r\n\r\n<figure class=\"wp-block-image size-full is-resized\"><img loading=\"lazy\" decoding=\"async\" class=\"wp-image-373\" src=\"https:\/\/www.doeer.eu\/wp-content\/uploads\/2023\/04\/COMCY@2.png\" alt=\"\" width=\"419\" height=\"78\" \/><\/figure>\r\n\r\n\r\n\r\n<p><a href=\"https:\/\/comcy.eu\/\">https:\/\/comcy.eu\/<\/a><\/p>\r\n\r\n\r\n\r\n<p>Center za razvoj kompetenc Ciper (COMCY) je neprofitna organizacija za usposabljanje, raziskave in razvoj. Aktivna je na podro\u010dju projektnega vodenja, usposabljanja in izobra\u017eevanja. COMCY usposablja pripadnike razli\u010dnih ciljnih skupin, kot so mladi in ranljive skupine, upokojenci in odrasli, in razli\u010dnih sektorjev. COMCY sodeluje v evropskih projektih in programih. Cilj organizacije je krepitev kompetenc ter osebni in profesionalni razvoj predvsem med pripadniki ranljivih dru\u017ebenih skupin. COMCY je \u010dlan Evropskega zdru\u017eenja za izobra\u017eevanje odraslih (EAEA) in Evropske mre\u017ee za inovativnost in vklju\u010denost.<\/p>\r\n\r\n\r\n\r\n<figure class=\"wp-block-image size-full is-resized\"><img loading=\"lazy\" decoding=\"async\" class=\"wp-image-420\" src=\"https:\/\/www.doeer.eu\/wp-content\/uploads\/2023\/04\/NT_oranzen-2.png\" alt=\"\" width=\"161\" height=\"161\" srcset=\"https:\/\/www.doeer.eu\/wp-content\/uploads\/2023\/04\/NT_oranzen-2.png 735w, https:\/\/www.doeer.eu\/wp-content\/uploads\/2023\/04\/NT_oranzen-2-300x300.png 300w, https:\/\/www.doeer.eu\/wp-content\/uploads\/2023\/04\/NT_oranzen-2-150x150.png 150w\" sizes=\"auto, (max-width: 161px) 100vw, 161px\" \/><\/figure>\r\n\r\n\r\n\r\n<p><a href=\"http:\/\/www.novi-turizem.org\">www.novi-turizem.org<\/a><\/p>\r\n\r\n\r\n\r\n<p>Zavod Novi turizem (ZNT) je raziskovalni in\u0161titut, ki je bil ustanovljen leta 2009. Njegov osrednji cilj je ustvarjanje prilo\u017enosti za kakovosten razvoj slovenskega turisti\u010dnega sektorja. In\u0161titut deluje na treh stebrih: strate\u0161ko na\u010drtovanje, izobra\u017eevanje in svetovanje. ZNT kot neprofitni zavod sodeluje s \u0161tevilnimi proaktivnimi organizacijami in posamezniki doma in v tujini, ki jih zanima razvoj in promocija inovativnega turizma. ZNT je \u010dlan mednarodnih projektov in in\u0161titucij.<\/p>\r\n\r\n\r\n\r\n<figure class=\"wp-block-image size-large is-resized\"><img loading=\"lazy\" decoding=\"async\" class=\"wp-image-375\" src=\"https:\/\/www.doeer.eu\/wp-content\/uploads\/2023\/04\/JanusOcol-1024x161.png\" alt=\"\" width=\"277\" height=\"43\" srcset=\"https:\/\/www.doeer.eu\/wp-content\/uploads\/2023\/04\/JanusOcol-1024x161.png 1024w, https:\/\/www.doeer.eu\/wp-content\/uploads\/2023\/04\/JanusOcol-300x47.png 300w, https:\/\/www.doeer.eu\/wp-content\/uploads\/2023\/04\/JanusOcol-768x121.png 768w, https:\/\/www.doeer.eu\/wp-content\/uploads\/2023\/04\/JanusOcol-1536x242.png 1536w, https:\/\/www.doeer.eu\/wp-content\/uploads\/2023\/04\/JanusOcol.png 2000w\" sizes=\"auto, (max-width: 277px) 100vw, 277px\" \/><\/figure>\r\n\r\n\r\n\r\n<p><a href=\"http:\/\/www.janus.it\">www.janus.it<\/a><\/p>\r\n\r\n\r\n\r\n<p>Janus je italijansko zasebno podjetje, ki oblikuje in razvija inovativne aplikacije za javne in zasebne in\u0161titucije ter ponuja izobra\u017eevanja in usposabljanja. Podjetje nudi tudi storitve grafi\u010dnega oblikovanja in digitalne\/multimedijske produkcije. Vse storitve so podprte s tehni\u010dno pomo\u010djo, priro\u010dniki in usposabljanjem. Podjetje Janus je med drugimi izdelalo aplikaciji AmaMusei in Amacitt\u00e0, ki ju uporabljajo \u0161tevilni italijanski muzeji in ob\u010dine.<\/p>\r\n","protected":false},"excerpt":{"rendered":"<p>http:\/\/www.scienzepolitiche.unina.it\/ Univerza Federico II v Neaplju, Italija, je bila ustanovljena leta 1224 in je prva javna univerza v Evropi. Danes univerza zaposluje 3.121 ljudi in ponuja 155 \u0161tudijskih smeri 90.000 \u0161tudentom letno, poleg izobra\u017eevalnega pa ima mo\u010dan tudi raziskovalni oddelek. Katedra za politologijo je ena od 26 kateder znotraj univerze. Didaktika in raziskave na njej [&hellip;]<\/p>\n","protected":false},"author":3,"featured_media":0,"parent":0,"menu_order":0,"comment_status":"closed","ping_status":"closed","template":"","meta":{"pgc_sgb_lightbox_settings":"","footnotes":""},"class_list":["post-362","page","type-page","status-publish","hentry"],"_links":{"self":[{"href":"https:\/\/www.doeer.eu\/sl\/wp-json\/wp\/v2\/pages\/362","targetHints":{"allow":["GET"]}}],"collection":[{"href":"https:\/\/www.doeer.eu\/sl\/wp-json\/wp\/v2\/pages"}],"about":[{"href":"https:\/\/www.doeer.eu\/sl\/wp-json\/wp\/v2\/types\/page"}],"author":[{"embeddable":true,"href":"https:\/\/www.doeer.eu\/sl\/wp-json\/wp\/v2\/users\/3"}],"replies":[{"embeddable":true,"href":"https:\/\/www.doeer.eu\/sl\/wp-json\/wp\/v2\/comments?post=362"}],"version-history":[{"count":10,"href":"https:\/\/www.doeer.eu\/sl\/wp-json\/wp\/v2\/pages\/362\/revisions"}],"predecessor-version":[{"id":424,"href":"https:\/\/www.doeer.eu\/sl\/wp-json\/wp\/v2\/pages\/362\/revisions\/424"}],"wp:attachment":[{"href":"https:\/\/www.doeer.eu\/sl\/wp-json\/wp\/v2\/media?parent=362"}],"curies":[{"name":"wp","href":"https:\/\/api.w.org\/{rel}","templated":true}]}}