{"id":2,"date":"2021-03-01T14:29:14","date_gmt":"2021-03-01T13:29:14","guid":{"rendered":"http:\/\/tedi.dev.janus.it\/?page_id=2"},"modified":"2025-10-30T08:36:42","modified_gmt":"2025-10-30T07:36:42","slug":"doeer","status":"publish","type":"page","link":"https:\/\/www.doeer.eu\/sl\/doeer\/","title":{"rendered":"Kaj je DOEER?"},"content":{"rendered":"\r\n<figure class=\"wp-block-image size-large is-resized\"><img loading=\"lazy\" decoding=\"async\" class=\"wp-image-325\" src=\"https:\/\/www.doeer.eu\/wp-content\/uploads\/2023\/01\/occhi-scaled-e1681827149217-1024x496.jpg\" alt=\"Digital and Open Education for equality-based resilience\" width=\"1024\" height=\"496\" srcset=\"https:\/\/www.doeer.eu\/wp-content\/uploads\/2023\/01\/occhi-scaled-e1681827149217-1024x496.jpg 1024w, https:\/\/www.doeer.eu\/wp-content\/uploads\/2023\/01\/occhi-scaled-e1681827149217-300x145.jpg 300w, https:\/\/www.doeer.eu\/wp-content\/uploads\/2023\/01\/occhi-scaled-e1681827149217-768x372.jpg 768w, https:\/\/www.doeer.eu\/wp-content\/uploads\/2023\/01\/occhi-scaled-e1681827149217-1536x745.jpg 1536w, https:\/\/www.doeer.eu\/wp-content\/uploads\/2023\/01\/occhi-scaled-e1681827149217-2048x993.jpg 2048w\" sizes=\"auto, (max-width: 1024px) 100vw, 1024px\" \/><\/figure>\r\n\r\n\r\n\r\n<p>&nbsp;<\/p>\r\n\r\n\r\n\r\n<p>Glavni cilj projekta <strong>Digitalno in odprto izobra\u017eevanje za enakost in odpornost (Digital and Open Education for Equality-based Resilience, DOEER)<\/strong> je spodbujati enakost in enakopravnost ter s tem krepiti odpornost. Projekt se izvaja v Italiji, \u0160paniji, Romuniji, na Slova\u0161kem, Cipru in v Sloveniji. Partnerji bodo razvili namensko digitalno orodje, s katerim bodo sku\u0161ali odpravljati razli\u010dne oblike diskriminacije tako v visokem \u0161olstvu kot na delovnem mestu.<\/p>\r\n\r\n\r\n\r\n<p><img loading=\"lazy\" decoding=\"async\" width=\"412\" height=\"248\" class=\"wp-image-1532\" src=\"https:\/\/www.doeer.eu\/wp-content\/uploads\/2025\/10\/whatisDOEER.png\" alt=\"\" srcset=\"https:\/\/www.doeer.eu\/wp-content\/uploads\/2025\/10\/whatisDOEER.png 412w, https:\/\/www.doeer.eu\/wp-content\/uploads\/2025\/10\/whatisDOEER-300x181.png 300w\" sizes=\"auto, (max-width: 412px) 100vw, 412px\" \/><\/p>\r\n","protected":false},"excerpt":{"rendered":"<p>&nbsp; Glavni cilj projekta Digitalno in odprto izobra\u017eevanje za enakost in odpornost (Digital and Open Education for Equality-based Resilience, DOEER) je spodbujati enakost in enakopravnost ter s tem krepiti odpornost. Projekt se izvaja v Italiji, \u0160paniji, Romuniji, na Slova\u0161kem, Cipru in v Sloveniji. Partnerji bodo razvili namensko digitalno orodje, s katerim bodo sku\u0161ali odpravljati razli\u010dne [&hellip;]<\/p>\n","protected":false},"author":1,"featured_media":0,"parent":0,"menu_order":0,"comment_status":"closed","ping_status":"closed","template":"","meta":{"pgc_sgb_lightbox_settings":"","footnotes":""},"class_list":["post-2","page","type-page","status-publish","hentry"],"_links":{"self":[{"href":"https:\/\/www.doeer.eu\/sl\/wp-json\/wp\/v2\/pages\/2","targetHints":{"allow":["GET"]}}],"collection":[{"href":"https:\/\/www.doeer.eu\/sl\/wp-json\/wp\/v2\/pages"}],"about":[{"href":"https:\/\/www.doeer.eu\/sl\/wp-json\/wp\/v2\/types\/page"}],"author":[{"embeddable":true,"href":"https:\/\/www.doeer.eu\/sl\/wp-json\/wp\/v2\/users\/1"}],"replies":[{"embeddable":true,"href":"https:\/\/www.doeer.eu\/sl\/wp-json\/wp\/v2\/comments?post=2"}],"version-history":[{"count":19,"href":"https:\/\/www.doeer.eu\/sl\/wp-json\/wp\/v2\/pages\/2\/revisions"}],"predecessor-version":[{"id":1533,"href":"https:\/\/www.doeer.eu\/sl\/wp-json\/wp\/v2\/pages\/2\/revisions\/1533"}],"wp:attachment":[{"href":"https:\/\/www.doeer.eu\/sl\/wp-json\/wp\/v2\/media?parent=2"}],"curies":[{"name":"wp","href":"https:\/\/api.w.org\/{rel}","templated":true}]}}