{"id":362,"date":"2023-04-03T18:16:27","date_gmt":"2023-04-03T16:16:27","guid":{"rendered":"https:\/\/www.doeer.eu\/en\/?page_id=362"},"modified":"2023-04-03T19:40:11","modified_gmt":"2023-04-03T17:40:11","slug":"our-team","status":"publish","type":"page","link":"https:\/\/www.doeer.eu\/ro\/our-team\/","title":{"rendered":"Echipa"},"content":{"rendered":"\r\n<figure class=\"wp-block-image size-full is-resized\"><img loading=\"lazy\" decoding=\"async\" class=\"wp-image-377\" src=\"https:\/\/www.doeer.eu\/wp-content\/uploads\/2023\/04\/DISP.jpg\" alt=\"\" width=\"145\" height=\"97\" \/><\/figure>\r\n\r\n\r\n\r\n<p><a href=\"http:\/\/www.scienzepolitiche.unina.it\/\">http:\/\/www.scienzepolitiche.unina.it\/<\/a><\/p>\r\n\r\n\r\n\r\n<p>Universitatea din Napoli Federico II a fost prima universitate finan\u021bat\u0103 public din Europa, \u00eenfiin\u021bat\u0103 \u00een 1224 printr-o Cart\u0103 imperial\u0103 a lui Frederic II Hohenstaufen, Rege al Siciliei \u0219i Imp\u0103rat Roman. \u00cen prezent Universitatea ofer\u0103 cursuri \u00een toate disciplinele academice si inseamna o sut\u0103 cincizeci \u0219i cinci de absolventi. Facilit\u0103\u021bile de cercetare sunt oferite in cadrul tuturor acestor cursuri. Studen\u021bilor li se ofer\u0103 posibilitatea de a urm\u0103ri dezvoltarea intelectual\u0103, precum \u0219i dob\u00e2ndirea de competen\u021be profesionale. Num\u0103rul actual de studen\u021bi inscrisi se apropie de 90.000, iar personalul academic, \u00een acest moment, este 3.121.<br \/>Departamentul de \u0218tiin\u021be Politice este unul dintre noile 26 de departamente ale Universit\u0103\u021bii din Napoli Federico II. Didactica \u0219i cercetarea sunt inspirate de o abordare multidisciplinar\u0103 potrivit\u0103 pentru a \u00een\u021belege mai larg problemele sociale pentru a r\u0103spunde provoc\u0103rilor contemporane. Cursurile efective ale Departamentului de \u0218tiin\u021be Politice sunt func\u021bionale pentru realizarea de expertize care s\u0103 corespund\u0103 pe deplin evolu\u021biei sistemului socio-economic \u0219i a pie\u021bei muncii, sporind oportunit\u0103\u021bile de angajare calificata.<\/p>\r\n\r\n\r\n\r\n<figure class=\"wp-block-image size-full is-resized\"><img loading=\"lazy\" decoding=\"async\" class=\"wp-image-365\" src=\"https:\/\/www.doeer.eu\/wp-content\/uploads\/2023\/04\/eusa.png\" alt=\"\" width=\"210\" height=\"77\" \/><\/figure>\r\n\r\n\r\n\r\n<p><a href=\"https:\/\/www.eusa.es\/\">https:\/\/www.eusa.es\/<\/a><\/p>\r\n\r\n\r\n\r\n<p>EUSA este un centru universitar privat cu peste 50 de ani de experien\u021b\u0103 \u00een \u00eenv\u0103\u021b\u0103m\u00e2ntul superior. EUSA este un centru afiliat Universit\u0103\u021bii din Sevilla \u0219i de\u021binut de Camera de Comer\u021b \u0219i Industrie din Sevilla. EUSA vizeaz\u0103 angajabilitatea, inova\u021bia \u0219i interna\u021bionalizarea. Toate programele sale de Studiu \u00een str\u0103in\u0103tate fac parte din diplomele oficiale de licen\u021b\u0103 ale EUSA \u00een Comunicare Audiovizual\u0103, Publicitate \u0219i Rela\u021bii Publice, Turism \u0219i Jurnalism. \u00cen plus, are o politic\u0103 orientat\u0103 c\u0103tre lumea afacerilor \u0219i dezvoltarea antreprenoriatului \u00een r\u00e2ndul studen\u021bilor. Campusul EUSA g\u0103zduie\u0219te \u0219i o \u0219coal\u0103 de formare profesional\u0103 \u00een mai mult de 14 domenii, o \u0219coal\u0103 postuniversitar\u0103 de afaceri \u0219i mai multe \u0219coli de limbi str\u0103ine.<\/p>\r\n\r\n\r\n\r\n<figure class=\"wp-block-image size-full is-resized\"><img loading=\"lazy\" decoding=\"async\" class=\"wp-image-366\" src=\"https:\/\/www.doeer.eu\/wp-content\/uploads\/2023\/04\/Header-SNSPA-FAP_1.png\" alt=\"\" width=\"565\" height=\"64\" \/><\/figure>\r\n\r\n\r\n\r\n<p><a href=\"http:\/\/www.snspa.ro\" data-type=\"URL\" data-id=\"www.snspa.ro\">www.snspa.ro<\/a><\/p>\r\n\r\n\r\n\r\n<p>Universitatea Na\u021bional\u0103 de Studii Politice \u0219i Administra\u021bie Public\u0103 (SNSPA), \u00eenfiin\u021bat\u0103 \u00een 1991 ca \u0219coal\u0103 de guvernare, formeaz\u0103 \u0219i dezvolt\u0103 competen\u021be profesionale \u00een \u0219tiin\u021be politice, sociologie, studii administrative, rela\u021bii interna\u021bionale, diploma\u021bie, studii europene, \u0219tiin\u021be ale comunic\u0103rii, psihologie, management , Resurse umane. Viziunea institu\u021bional\u0103 SNSPA const\u0103 \u00een implementarea unei rela\u021bii unice \u00eentre \u00eenv\u0103\u021barea academic\u0103 \u0219i schimbarea real\u0103 \u00een Rom\u00e2nia. SNSPA formeaz\u0103 constant elita rom\u00e2neasc\u0103 \u0219i \u00ee\u0219i propune s\u0103 extind\u0103 aceast\u0103 capacitate de formare la nivel regional. SNSPA a ob\u021binut certificarea de la ARACIS, ca universitate cu un grad ridicat de \u00eencredere.<\/p>\r\n\r\n\r\n\r\n<figure class=\"wp-block-image size-full is-resized\"><img loading=\"lazy\" decoding=\"async\" class=\"wp-image-372\" src=\"https:\/\/www.doeer.eu\/wp-content\/uploads\/2023\/04\/uk-ba_400x400-e1680539232497.jpg\" alt=\"\" width=\"163\" height=\"186\" srcset=\"https:\/\/www.doeer.eu\/wp-content\/uploads\/2023\/04\/uk-ba_400x400-e1680539232497.jpg 323w, https:\/\/www.doeer.eu\/wp-content\/uploads\/2023\/04\/uk-ba_400x400-e1680539232497-263x300.jpg 263w\" sizes=\"auto, (max-width: 163px) 100vw, 163px\" \/><\/figure>\r\n\r\n\r\n\r\n<p><a href=\"http:\/\/www.uniba.sk\/\">http:\/\/www.uniba.sk\/<\/a><\/p>\r\n\r\n\r\n\r\n<p>Institutul de Studii Europene \u0219i Rela\u021bii Interna\u021bionale (UK BA) se bazeaz\u0103 pe mo\u0219tenirea Departamentului de \u0218tiin\u021be Politice, fondat \u00een 1990 la Universitatea Comenius. UK BA a g\u0103zduit, de asemenea, Catedra UNESCO pentru educa\u021bia pentru drepturile omului. Membrii UK BA au o preg\u0103tire multidisciplinar\u0103 \u00een \u0219tiin\u021be politice, sociologie, rela\u021bii interna\u021bionale, studii organiza\u021bionale, istorie, drept, economie, diploma\u021bie \u0219i filozofie. Membrii interni \u0219i externi ai BA din Marea Britanie au o experien\u021b\u0103 bun\u0103 datorit\u0103 studiilor \u0219i burselor de vizit\u0103 la cele mai importante institu\u021bii interna\u021bionale de cercetare. UK BA are o agend\u0103 activ\u0103 de cercetare \u00een studii europene \u0219i rela\u021bii interna\u021bionale \u0219i particip\u0103 la o serie de proiecte interna\u021bionale de cercetare \u0219i are leg\u0103turi cu multe universit\u0103\u021bi din \u00eentreaga lume. Institutul coopereaz\u0103, de asemenea, \u00een mod activ cu Ministerul Afacerilor Externe din Slovacia \u00een efectuarea de cercet\u0103ri \u0219i organizarea de conferin\u021be.<\/p>\r\n\r\n\r\n\r\n<figure class=\"wp-block-image size-full is-resized\"><img loading=\"lazy\" decoding=\"async\" class=\"wp-image-373\" src=\"https:\/\/www.doeer.eu\/wp-content\/uploads\/2023\/04\/COMCY@2.png\" alt=\"\" width=\"419\" height=\"78\" \/><\/figure>\r\n\r\n\r\n\r\n<p><a href=\"https:\/\/comcy.eu\/\">https:\/\/comcy.eu\/<\/a><\/p>\r\n\r\n\r\n\r\n<p>CENTER FOR COMPETENCE DEVELOPMENT CYPRUS (COMCY) este o organiza\u021bie non-profit de instruire, cercetare \u0219i dezvoltare, activ\u0103 \u00een domeniul managementului proiectelor, form\u0103rii \u0219i educa\u021biei. COMCY se concentreaz\u0103 pe formarea \u0219i dezvoltarea diferitelor grupuri \u021bint\u0103 \u0219i sectoare ale societ\u0103\u021bii, inclusiv grupuri de tineri \u0219i persoane vulnerabile, seniori \u0219i adul\u021bi, prin participarea la programe \u0219i ini\u021biative ale UE \u0219i prin implementarea de seminarii de formare \u0219i educa\u021bie \u00een Cipru \u0219i \u00een str\u0103in\u0103tate. \u00cen ansamblu, organiza\u021bia \u00ee\u0219i propune s\u0103 sus\u021bin\u0103 \u0219i s\u0103 \u00eemputerniceasc\u0103 grupurile sociale vulnerabile, oferind diverse oportunit\u0103\u021bi de dezvoltare personal\u0103 \u0219i profesional\u0103. \u00cen plus, COMCY este membru al Asocia\u021biei Europene pentru Educa\u021bia Adul\u021bilor (EAEA) \u0219i al Re\u021belei Europene de Inovare pentru Incluziune.<\/p>\r\n\r\n\r\n\r\n<figure class=\"wp-block-image size-full is-resized\"><img loading=\"lazy\" decoding=\"async\" class=\"wp-image-420\" src=\"https:\/\/www.doeer.eu\/wp-content\/uploads\/2023\/04\/NT_oranzen-2.png\" alt=\"\" width=\"161\" height=\"161\" srcset=\"https:\/\/www.doeer.eu\/wp-content\/uploads\/2023\/04\/NT_oranzen-2.png 735w, https:\/\/www.doeer.eu\/wp-content\/uploads\/2023\/04\/NT_oranzen-2-300x300.png 300w, https:\/\/www.doeer.eu\/wp-content\/uploads\/2023\/04\/NT_oranzen-2-150x150.png 150w\" sizes=\"auto, (max-width: 161px) 100vw, 161px\" \/><\/figure>\r\n\r\n\r\n\r\n<p><a href=\"http:\/\/www.novi-turizem.org\">www.novi-turizem.org<\/a><\/p>\r\n\r\n\r\n\r\n<p>Noul Institut de Turism\/Zavod Novi turizem (ZNT) este un institut de cercetare care a fost \u00eenfiin\u021bat \u00een 2009. Scopul s\u0103u principal este de a crea oportunit\u0103\u021bi pentru dezvoltarea sectorului turistic sloven. Institutul func\u021bioneaz\u0103 pe trei piloni: dezvoltare strategic\u0103, educa\u021bie \u0219i formare \u0219i consultan\u021b\u0103. ZNT este o organiza\u021bie non-profit care coopereaz\u0103 cu organiza\u021bii proactive \u0219i persoane din \u021bar\u0103 \u0219i din str\u0103in\u0103tate care doresc s\u0103 dezvolte, s\u0103 promoveze \u0219i s\u0103 sus\u021bin\u0103 \u201eturismul nou, inovator\u201d. ZNT face, de asemenea, parte din proiecte \u0219i re\u021bele europene.<\/p>\r\n\r\n\r\n\r\n<figure class=\"wp-block-image size-large is-resized\"><img loading=\"lazy\" decoding=\"async\" class=\"wp-image-375\" src=\"https:\/\/www.doeer.eu\/wp-content\/uploads\/2023\/04\/JanusOcol-1024x161.png\" alt=\"\" width=\"277\" height=\"43\" srcset=\"https:\/\/www.doeer.eu\/wp-content\/uploads\/2023\/04\/JanusOcol-1024x161.png 1024w, https:\/\/www.doeer.eu\/wp-content\/uploads\/2023\/04\/JanusOcol-300x47.png 300w, https:\/\/www.doeer.eu\/wp-content\/uploads\/2023\/04\/JanusOcol-768x121.png 768w, https:\/\/www.doeer.eu\/wp-content\/uploads\/2023\/04\/JanusOcol-1536x242.png 1536w, https:\/\/www.doeer.eu\/wp-content\/uploads\/2023\/04\/JanusOcol.png 2000w\" sizes=\"auto, (max-width: 277px) 100vw, 277px\" \/><\/figure>\r\n\r\n\r\n\r\n<p><a href=\"http:\/\/www.janus.it\">www.janus.it<\/a><\/p>\r\n\r\n\r\n\r\n<p>JANUS S.R.L. este o companie italian\u0103 privat\u0103 care creeaz\u0103 \u0219i dezvolt\u0103 aplica\u021bii software inovatoare pentru entit\u0103\u021bi publice \u0219i private, pentru culturi, instruire \u0219i educa\u021bie, precum \u0219i \u00een domeniul afacerilor. JANUS asigur\u0103 compatibilitatea ie\u0219irilor sale cu orice fel de re\u021bea (Internet, intranet \u0219i \/ sau extranet). Serviciile oferite de companie includ, de asemenea, design grafic \u0219i produc\u021bie digital\u0103 \/ multimedia. Toate serviciile JANUS sunt suportate cu asisten\u021b\u0103, manuale tehnice \u0219i instruire. Printre produc\u021biile de succes ale JANUS, se num\u0103r\u0103 \u201eAmaMusei\u201d \u0219i \u201eAmacitt\u00e0\u201d, care constau \u00een platform\u0103 \u0219i aplica\u021bii integrate bazate pe BAC &#8211; Beacon Access Control. Ambele produse sunt utilizate pe scar\u0103 larg\u0103 de un num\u0103r mare de muzee \u0219i municipalit\u0103\u021bi din Italia.<\/p>\r\n","protected":false},"excerpt":{"rendered":"<p>http:\/\/www.scienzepolitiche.unina.it\/ Universitatea din Napoli Federico II a fost prima universitate finan\u021bat\u0103 public din Europa, \u00eenfiin\u021bat\u0103 \u00een 1224 printr-o Cart\u0103 imperial\u0103 a lui Frederic II Hohenstaufen, Rege al Siciliei \u0219i Imp\u0103rat Roman. \u00cen prezent Universitatea ofer\u0103 cursuri \u00een toate disciplinele academice si inseamna o sut\u0103 cincizeci \u0219i cinci de absolventi. Facilit\u0103\u021bile de cercetare sunt oferite in [&hellip;]<\/p>\n","protected":false},"author":3,"featured_media":0,"parent":0,"menu_order":0,"comment_status":"closed","ping_status":"closed","template":"","meta":{"pgc_sgb_lightbox_settings":"","footnotes":""},"class_list":["post-362","page","type-page","status-publish","hentry"],"_links":{"self":[{"href":"https:\/\/www.doeer.eu\/ro\/wp-json\/wp\/v2\/pages\/362","targetHints":{"allow":["GET"]}}],"collection":[{"href":"https:\/\/www.doeer.eu\/ro\/wp-json\/wp\/v2\/pages"}],"about":[{"href":"https:\/\/www.doeer.eu\/ro\/wp-json\/wp\/v2\/types\/page"}],"author":[{"embeddable":true,"href":"https:\/\/www.doeer.eu\/ro\/wp-json\/wp\/v2\/users\/3"}],"replies":[{"embeddable":true,"href":"https:\/\/www.doeer.eu\/ro\/wp-json\/wp\/v2\/comments?post=362"}],"version-history":[{"count":10,"href":"https:\/\/www.doeer.eu\/ro\/wp-json\/wp\/v2\/pages\/362\/revisions"}],"predecessor-version":[{"id":424,"href":"https:\/\/www.doeer.eu\/ro\/wp-json\/wp\/v2\/pages\/362\/revisions\/424"}],"wp:attachment":[{"href":"https:\/\/www.doeer.eu\/ro\/wp-json\/wp\/v2\/media?parent=362"}],"curies":[{"name":"wp","href":"https:\/\/api.w.org\/{rel}","templated":true}]}}