{"id":2,"date":"2021-03-01T14:29:14","date_gmt":"2021-03-01T13:29:14","guid":{"rendered":"http:\/\/tedi.dev.janus.it\/?page_id=2"},"modified":"2025-10-30T08:36:42","modified_gmt":"2025-10-30T07:36:42","slug":"doeer","status":"publish","type":"page","link":"https:\/\/www.doeer.eu\/ro\/doeer\/","title":{"rendered":"Ce este DOEER?"},"content":{"rendered":"\r\n<figure class=\"wp-block-image size-large is-resized\"><img loading=\"lazy\" decoding=\"async\" class=\"wp-image-325\" src=\"https:\/\/www.doeer.eu\/wp-content\/uploads\/2023\/01\/occhi-scaled-e1681827149217-1024x496.jpg\" alt=\"Digital and Open Education for equality-based resilience\" width=\"1024\" height=\"496\" srcset=\"https:\/\/www.doeer.eu\/wp-content\/uploads\/2023\/01\/occhi-scaled-e1681827149217-1024x496.jpg 1024w, https:\/\/www.doeer.eu\/wp-content\/uploads\/2023\/01\/occhi-scaled-e1681827149217-300x145.jpg 300w, https:\/\/www.doeer.eu\/wp-content\/uploads\/2023\/01\/occhi-scaled-e1681827149217-768x372.jpg 768w, https:\/\/www.doeer.eu\/wp-content\/uploads\/2023\/01\/occhi-scaled-e1681827149217-1536x745.jpg 1536w, https:\/\/www.doeer.eu\/wp-content\/uploads\/2023\/01\/occhi-scaled-e1681827149217-2048x993.jpg 2048w\" sizes=\"auto, (max-width: 1024px) 100vw, 1024px\" \/><\/figure>\r\n\r\n\r\n\r\n<p>&nbsp;<\/p>\r\n\r\n\r\n\r\n<p>Obiectivul principal al proiectului <strong>\u201eEduca\u021bie digital\u0103 \u0219i deschis\u0103 pentru rezilien\u021b\u0103 bazat\u0103 pe egalitate\u201d DOEER<\/strong> este de a contribui la o rezilien\u021b\u0103 bazat\u0103 pe egalitate \u00een Italia, Spania, Rom\u00e2nia, Slovacia, Cipru, Slovenia, prin combaterea formelor de discriminare, at\u00e2t \u00een \u00eenv\u0103\u021b\u0103m\u00e2ntul superior, c\u00e2t \u0219i la locul de munc\u0103, prin \u00eenv\u0103\u021barea digital\u0103 \u0219i instrumente care sprijin\u0103 abordarea factorilor de discriminare, printr-o str\u00e2ns\u0103 cooperare \u00eentre institu\u021biile de \u00eenv\u0103\u021b\u0103m\u00e2nt superior \u0219i afaceri.<\/p>\r\n\r\n\r\n\r\n<p><img loading=\"lazy\" decoding=\"async\" width=\"412\" height=\"248\" class=\"wp-image-1532\" src=\"https:\/\/www.doeer.eu\/wp-content\/uploads\/2025\/10\/whatisDOEER.png\" alt=\"\" srcset=\"https:\/\/www.doeer.eu\/wp-content\/uploads\/2025\/10\/whatisDOEER.png 412w, https:\/\/www.doeer.eu\/wp-content\/uploads\/2025\/10\/whatisDOEER-300x181.png 300w\" sizes=\"auto, (max-width: 412px) 100vw, 412px\" \/><\/p>\r\n","protected":false},"excerpt":{"rendered":"<p>&nbsp; Obiectivul principal al proiectului \u201eEduca\u021bie digital\u0103 \u0219i deschis\u0103 pentru rezilien\u021b\u0103 bazat\u0103 pe egalitate\u201d DOEER este de a contribui la o rezilien\u021b\u0103 bazat\u0103 pe egalitate \u00een Italia, Spania, Rom\u00e2nia, Slovacia, Cipru, Slovenia, prin combaterea formelor de discriminare, at\u00e2t \u00een \u00eenv\u0103\u021b\u0103m\u00e2ntul superior, c\u00e2t \u0219i la locul de munc\u0103, prin \u00eenv\u0103\u021barea digital\u0103 \u0219i instrumente care sprijin\u0103 abordarea [&hellip;]<\/p>\n","protected":false},"author":1,"featured_media":0,"parent":0,"menu_order":0,"comment_status":"closed","ping_status":"closed","template":"","meta":{"pgc_sgb_lightbox_settings":"","footnotes":""},"class_list":["post-2","page","type-page","status-publish","hentry"],"_links":{"self":[{"href":"https:\/\/www.doeer.eu\/ro\/wp-json\/wp\/v2\/pages\/2","targetHints":{"allow":["GET"]}}],"collection":[{"href":"https:\/\/www.doeer.eu\/ro\/wp-json\/wp\/v2\/pages"}],"about":[{"href":"https:\/\/www.doeer.eu\/ro\/wp-json\/wp\/v2\/types\/page"}],"author":[{"embeddable":true,"href":"https:\/\/www.doeer.eu\/ro\/wp-json\/wp\/v2\/users\/1"}],"replies":[{"embeddable":true,"href":"https:\/\/www.doeer.eu\/ro\/wp-json\/wp\/v2\/comments?post=2"}],"version-history":[{"count":19,"href":"https:\/\/www.doeer.eu\/ro\/wp-json\/wp\/v2\/pages\/2\/revisions"}],"predecessor-version":[{"id":1533,"href":"https:\/\/www.doeer.eu\/ro\/wp-json\/wp\/v2\/pages\/2\/revisions\/1533"}],"wp:attachment":[{"href":"https:\/\/www.doeer.eu\/ro\/wp-json\/wp\/v2\/media?parent=2"}],"curies":[{"name":"wp","href":"https:\/\/api.w.org\/{rel}","templated":true}]}}