{"id":395,"date":"2023-04-03T18:45:22","date_gmt":"2023-04-03T16:45:22","guid":{"rendered":"https:\/\/www.doeer.eu\/en\/?page_id=395"},"modified":"2025-11-07T09:47:13","modified_gmt":"2025-11-07T08:47:13","slug":"learning","status":"publish","type":"page","link":"https:\/\/www.doeer.eu\/it\/learning\/","title":{"rendered":"Apprendimento"},"content":{"rendered":"\r\n<figure class=\"wp-block-image size-large\"><img loading=\"lazy\" decoding=\"async\" width=\"1024\" height=\"683\" class=\"wp-image-557\" src=\"https:\/\/www.doeer.eu\/wp-content\/uploads\/2023\/04\/people-2557396-1024x683.jpg\" alt=\"\" srcset=\"https:\/\/www.doeer.eu\/wp-content\/uploads\/2023\/04\/people-2557396-1024x683.jpg 1024w, https:\/\/www.doeer.eu\/wp-content\/uploads\/2023\/04\/people-2557396-300x200.jpg 300w, https:\/\/www.doeer.eu\/wp-content\/uploads\/2023\/04\/people-2557396-768x512.jpg 768w, https:\/\/www.doeer.eu\/wp-content\/uploads\/2023\/04\/people-2557396-1536x1024.jpg 1536w, https:\/\/www.doeer.eu\/wp-content\/uploads\/2023\/04\/people-2557396-2048x1365.jpg 2048w\" sizes=\"auto, (max-width: 1024px) 100vw, 1024px\" \/><\/figure>\r\n\r\n\r\n\r\n<p>La principale innovazione del progetto DOEER consiste nel suo <strong>approccio transettoriale e multilivello<\/strong> rivolto a qualsiasi disciplina allo scopo di promuovere pratiche basate sull&#8217;uguaglianza.<br \/><br \/>DOEER offrir\u00e0 le seguenti soluzioni.<br \/><br \/>(1) Migliorare il livello di <strong>competenze e abilit\u00e0 digitali negli istituti di istruzione superiore<\/strong>, creando e convalidando l&#8217;apprendimento online per gli studenti come nuovi professionisti in qualsiasi disciplina con competenze avanzate per comprendere appieno e mettere in atto <strong>pratiche basate sull&#8217;uguaglianza nella loro istruzione e nel loro impiego<\/strong>, al fine di migliorare le possibilit\u00e0 delle risorse umane, sociali e culturali nei segmenti di popolazione a rischio di disuguaglianze.<br \/><br \/>(2) Con particolare riguardo alla rilevanza per il <strong>mercato del lavoro<\/strong> (Industria 4.0 &#8220;fabbriche intelligenti&#8221;), ai prossimi professionisti \u00e8 richiesto di sfruttare al meglio tutte le potenzialit\u00e0 digitali possibili per migliorare i risultati del loro lavoro. Si richiede inoltre che siano preparati a comprendere e a mettere in atto <strong>pratiche basate sull&#8217;uguaglianza<\/strong>. Acquisendo queste nuove competenze, i nuovi studenti\/professionisti dell&#8217;istruzione superiore possono contribuire a far coincidere meglio, da un lato, le esigenze dei lavoratori a rischio di discriminazione sociale e lavorativa per motivi di disuguaglianza e, dall&#8217;altro, i requisiti delle imprese nei Paesi europei del progetto.<br \/><br \/>(3) Contribuire a una <strong>societ\u00e0 coesa e democratica,<\/strong> promuovendo le pari opportunit\u00e0 per tutte le persone nell&#8217;accesso ai vari settori della societ\u00e0, compresa l&#8217;occupazione, come condizione necessaria per <strong>comunit\u00e0 pi\u00f9 inclusive e resilienti<\/strong>, ma anche per la creazione di una societ\u00e0 armoniosa e con minori conflitti. Il miglioramento delle competenze dei professionisti che si occupano di pratiche basate sull&#8217;uguaglianza \u00e8 quindi destinato a contribuire a una prossima societ\u00e0 pi\u00f9 forte e resiliente.<br \/><br \/>(4) Attraverso una c<strong>ooperazione rafforzata tra il mondo dell&#8217;istruzione e quello del lavor<\/strong>o all&#8217;interno del progetto DOEER, gli istituti di istruzione superiore condivideranno con i rappresentanti delle imprese gli ambiti del progetto, collaborando per promuovere l&#8217;adozione di DOEER e ottenere comuni vantaggi.<\/p>\r\n<ul><\/ul>\r\n<!-- \/wp:post-content -->\r\n\r\n<!-- wp:paragraph -->\r\n<p>&nbsp;<\/p>\r\n<!-- \/wp:paragraph -->","protected":false},"excerpt":{"rendered":"<p>La principale innovazione del progetto DOEER consiste nel suo approccio transettoriale e multilivello rivolto a qualsiasi disciplina allo scopo di promuovere pratiche basate sull&#8217;uguaglianza. DOEER offrir\u00e0 le seguenti soluzioni. (1) Migliorare il livello di competenze e abilit\u00e0 digitali negli istituti di istruzione superiore, creando e convalidando l&#8217;apprendimento online per gli studenti come nuovi professionisti in [&hellip;]<\/p>\n","protected":false},"author":3,"featured_media":0,"parent":0,"menu_order":0,"comment_status":"closed","ping_status":"closed","template":"","meta":{"pgc_sgb_lightbox_settings":"","footnotes":""},"class_list":["post-395","page","type-page","status-publish","hentry"],"_links":{"self":[{"href":"https:\/\/www.doeer.eu\/it\/wp-json\/wp\/v2\/pages\/395","targetHints":{"allow":["GET"]}}],"collection":[{"href":"https:\/\/www.doeer.eu\/it\/wp-json\/wp\/v2\/pages"}],"about":[{"href":"https:\/\/www.doeer.eu\/it\/wp-json\/wp\/v2\/types\/page"}],"author":[{"embeddable":true,"href":"https:\/\/www.doeer.eu\/it\/wp-json\/wp\/v2\/users\/3"}],"replies":[{"embeddable":true,"href":"https:\/\/www.doeer.eu\/it\/wp-json\/wp\/v2\/comments?post=395"}],"version-history":[{"count":6,"href":"https:\/\/www.doeer.eu\/it\/wp-json\/wp\/v2\/pages\/395\/revisions"}],"predecessor-version":[{"id":1553,"href":"https:\/\/www.doeer.eu\/it\/wp-json\/wp\/v2\/pages\/395\/revisions\/1553"}],"wp:attachment":[{"href":"https:\/\/www.doeer.eu\/it\/wp-json\/wp\/v2\/media?parent=395"}],"curies":[{"name":"wp","href":"https:\/\/api.w.org\/{rel}","templated":true}]}}