{"id":388,"date":"2023-04-03T18:33:32","date_gmt":"2023-04-03T16:33:32","guid":{"rendered":"https:\/\/www.doeer.eu\/en\/?page_id=388"},"modified":"2023-04-22T12:39:33","modified_gmt":"2023-04-22T10:39:33","slug":"activities","status":"publish","type":"page","link":"https:\/\/www.doeer.eu\/it\/activities\/","title":{"rendered":"Attivit\u00e0"},"content":{"rendered":"\r\n<figure class=\"wp-block-image size-large\"><img loading=\"lazy\" decoding=\"async\" width=\"1024\" height=\"491\" class=\"wp-image-550 aligncenter\" src=\"https:\/\/www.doeer.eu\/wp-content\/uploads\/2023\/04\/women-3978569-scaled-e1682159949366-1024x491.jpg\" alt=\"\" srcset=\"https:\/\/www.doeer.eu\/wp-content\/uploads\/2023\/04\/women-3978569-scaled-e1682159949366-1024x491.jpg 1024w, https:\/\/www.doeer.eu\/wp-content\/uploads\/2023\/04\/women-3978569-scaled-e1682159949366-300x144.jpg 300w, https:\/\/www.doeer.eu\/wp-content\/uploads\/2023\/04\/women-3978569-scaled-e1682159949366-768x368.jpg 768w, https:\/\/www.doeer.eu\/wp-content\/uploads\/2023\/04\/women-3978569-scaled-e1682159949366-1536x737.jpg 1536w, https:\/\/www.doeer.eu\/wp-content\/uploads\/2023\/04\/women-3978569-scaled-e1682159949366-2048x982.jpg 2048w\" sizes=\"auto, (max-width: 1024px) 100vw, 1024px\" \/><br \/>L&#8217;obiettivo principale del progetto <strong>Digital and Open Education for Equality-based Resilience DOEER<\/strong> \u00e8 quello di contribuire a una resilienza basata sull&#8217;uguaglianza in Italia, Spagna, Romania, Slovacchia, Cipro e Slovenia, affrontando le forme di discriminazione, sia nell&#8217;istruzione superiore che sul posto di lavoro, attraverso l&#8217;apprendimento digitale dedicato e gli strumenti che supportano la lotta contro i fattori discriminatori, grazie alla stretta collaborazione tra istituti di istruzione superiore e imprese.<br \/><br \/><strong>Inclusione e diversit\u00e0<\/strong><br \/>Il progetto DOEER promuove la costruzione di sistemi di istruzione superiore pi\u00f9 inclusivi attraverso un approccio multilivello all&#8217;uguaglianza, al fine di ottenere miglioramenti per gli individui, la societ\u00e0 e l&#8217;economia. L&#8217;inclusione \u00e8 un processo di sviluppo che pu\u00f2 portare a miglioramenti in tutte le dimensioni umane. Il progetto DOOER si concentra sull&#8217;uguaglianza, che \u00e8 particolarmente fondamentale per raggiungere qualsiasi tipo di obiettivo inclusivo. Il principio di uguaglianza \u00e8 alla base di tutte le politiche europee e costituisce la base dell&#8217;integrazione e della sostenibilit\u00e0 europea. Nell&#8217;UE, l&#8217;uguaglianza riguarda la parit\u00e0 di diritti di tutti i cittadini di fronte alla legge e si applica in tutti i settori. Nell&#8217;orientamento concettuale del progetto, l&#8217;uguaglianza \u00e8 una pratica da potenziare a tutti i livelli delle attivit\u00e0 di inclusione (individuale, sociale, lavorativa) e comprende la comprensione e il rispetto della diversit\u00e0. <br \/>DOEER promuove la comprensione e la pratica dell&#8217;uguaglianza, sulla base della definizione di uguaglianza contenuta nella CARTA DEI DIRITTI FONDAMENTALI DELL&#8217;UNIONE EUROPEA, III Uguaglianza, in particolare agli articoli 21 Non discriminazione, 22 Diversit\u00e0 culturale, religiosa e linguistica e 23 Uguaglianza tra donne e uomini.<br \/><br \/><strong>Trasformazione digitale<\/strong><br \/>L&#8217;iniziativa DOEER contribuisce alla trasformazione digitale dell&#8217;istruzione superiore, che \u00e8 uno dei pilastri della ripresa post-Covid 19 descritta nel Piano d&#8217;azione per l&#8217;istruzione digitale (2021-2027) &#8220;Reimpostare l&#8217;istruzione e la formazione per l&#8217;era digitale&#8221; (Commissione UE, 2020), affrontando cos\u00ec la resilienza dei sistemi di istruzione superiore nell&#8217;UE. Attraverso la proposta di trasformazione digitale dell&#8217;istruzione superiore in Italia, Spagna, Romania, Slovacchia, Cipro e Slovenia, il progetto intende contribuire a rendere le societ\u00e0 pi\u00f9 resilienti, competitive ed efficienti, ma anche pi\u00f9 forti, sostenendo i sei Paesi europei partecipanti a tornare il pi\u00f9 rapidamente possibile a uno stato di equilibrio. L&#8217;iniziativa digitale proposta da DOOER non \u00e8 solo &#8220;centrata sull&#8217;uomo&#8221; e progettata alla luce di un approfondito contesto di valori, ma mira anche a contrastare le problematiche digitali che possono portare a disuguaglianze sociali.<br \/><br \/>Il progetto DOOER affronta direttamente questi obiettivi interconnessi, attuando un&#8217;azione che promuover\u00e0 la trasformazione digitale nell&#8217;istruzione superiore unendo gli sforzi delle universit\u00e0 europee e del mondo del lavoro, al fine di fornire non solo una visione, ma anche un apprendimento efficace e strumenti che porteranno a mettere in atto processi basati sull&#8217;uguaglianza, migliorando al contempo le competenze digitali nell&#8217;istruzione.<\/figure>\r\n","protected":false},"excerpt":{"rendered":"<p>L&#8217;obiettivo principale del progetto Digital and Open Education for Equality-based Resilience DOEER \u00e8 quello di contribuire a una resilienza basata sull&#8217;uguaglianza in Italia, Spagna, Romania, Slovacchia, Cipro e Slovenia, affrontando le forme di discriminazione, sia nell&#8217;istruzione superiore che sul posto di lavoro, attraverso l&#8217;apprendimento digitale dedicato e gli strumenti che supportano la lotta contro i [&hellip;]<\/p>\n","protected":false},"author":3,"featured_media":0,"parent":0,"menu_order":0,"comment_status":"closed","ping_status":"closed","template":"","meta":{"pgc_sgb_lightbox_settings":"","footnotes":""},"class_list":["post-388","page","type-page","status-publish","hentry"],"_links":{"self":[{"href":"https:\/\/www.doeer.eu\/it\/wp-json\/wp\/v2\/pages\/388","targetHints":{"allow":["GET"]}}],"collection":[{"href":"https:\/\/www.doeer.eu\/it\/wp-json\/wp\/v2\/pages"}],"about":[{"href":"https:\/\/www.doeer.eu\/it\/wp-json\/wp\/v2\/types\/page"}],"author":[{"embeddable":true,"href":"https:\/\/www.doeer.eu\/it\/wp-json\/wp\/v2\/users\/3"}],"replies":[{"embeddable":true,"href":"https:\/\/www.doeer.eu\/it\/wp-json\/wp\/v2\/comments?post=388"}],"version-history":[{"count":4,"href":"https:\/\/www.doeer.eu\/it\/wp-json\/wp\/v2\/pages\/388\/revisions"}],"predecessor-version":[{"id":552,"href":"https:\/\/www.doeer.eu\/it\/wp-json\/wp\/v2\/pages\/388\/revisions\/552"}],"wp:attachment":[{"href":"https:\/\/www.doeer.eu\/it\/wp-json\/wp\/v2\/media?parent=388"}],"curies":[{"name":"wp","href":"https:\/\/api.w.org\/{rel}","templated":true}]}}