{"id":362,"date":"2023-04-03T18:16:27","date_gmt":"2023-04-03T16:16:27","guid":{"rendered":"https:\/\/www.doeer.eu\/en\/?page_id=362"},"modified":"2023-04-03T19:40:11","modified_gmt":"2023-04-03T17:40:11","slug":"our-team","status":"publish","type":"page","link":"https:\/\/www.doeer.eu\/it\/our-team\/","title":{"rendered":"La nostra squadra"},"content":{"rendered":"\r\n<figure class=\"wp-block-image size-full is-resized\"><img loading=\"lazy\" decoding=\"async\" class=\"wp-image-377\" src=\"https:\/\/www.doeer.eu\/wp-content\/uploads\/2023\/04\/DISP.jpg\" alt=\"\" width=\"145\" height=\"97\" \/><\/figure>\r\n\r\n\r\n\r\n<p><a href=\"http:\/\/www.scienzepolitiche.unina.it\/\">http:\/\/www.scienzepolitiche.unina.it\/<\/a><\/p>\r\n\r\n\r\n\r\n<p>L&#8217;Universit\u00e0 di Napoli Federico II fu la prima universit\u00e0 finanziata con fondi pubblici in Europa, fondata nel 1224 con una Carta imperiale di Federico II Hohenstaufen, re di Sicilia e imperatore del Sacro Romano Impero. Oggi l&#8217;universit\u00e0 offre corsi in tutte le discipline accademiche, portando a centocinquantacinque corsi di laurea. Le strutture di ricerca forniscono supporto a tutti questi corsi. Gli studenti hanno la possibilit\u00e0 di perseguire lo sviluppo intellettuale e l&#8217;acquisizione di competenze professionali. Le iscrizioni degli studenti attuali si avvicinano a 90.000 e il personale accademico, al momento, si attesta a 3.121 unit\u00e0. Il Dipartimento di Scienze Politiche \u00e8 uno dei nuovi 26 Dipartimenti dell&#8217;Universit\u00e0 degli Studi di Napoli Federico II. La didattica e la ricerca sono ispirate da un approccio multidisciplinare adatto a raggiungere una pi\u00f9 ampia comprensione delle questioni sociali al fine di affrontare le sfide contemporanee. Gli attuali corsi del Dipartimento di Scienze Politiche sono funzionali al raggiungimento di competenze che corrispondono pienamente all&#8217;evoluzione del sistema socio-economico e del mercato del lavoro, migliorando opportunit\u00e0 di lavoro qualificate.<\/p>\r\n\r\n\r\n\r\n<figure class=\"wp-block-image size-full is-resized\"><img loading=\"lazy\" decoding=\"async\" class=\"wp-image-365\" src=\"https:\/\/www.doeer.eu\/wp-content\/uploads\/2023\/04\/eusa.png\" alt=\"\" width=\"210\" height=\"77\" \/><\/figure>\r\n\r\n\r\n\r\n<p><a href=\"https:\/\/www.eusa.es\/\">https:\/\/www.eusa.es\/<\/a><\/p>\r\n\r\n\r\n\r\n<p>EUSA \u00e8 un centro universitario privato con oltre 50 anni di esperienza nell&#8217;istruzione superiore. Esso \u00e8 un centro affiliato all&#8217;Universit\u00e0 di Siviglia e di propriet\u00e0 della Camera di Commercio e Industria di Siviglia. EUSA punta all&#8217;occupabilit\u00e0, all&#8217;innovazione e all&#8217;internazionalizzazione. Tutti i suoi programmi di studio all&#8217;estero fanno parte dei corsi di laurea ufficiali di EUSA in Comunicazione Audiovisiva, Pubblicit\u00e0 e Relazioni Pubbliche, Turismo e Giornalismo. Inoltre, la scuola ha una politica orientata al mondo degli affari e allo sviluppo dell&#8217;imprenditorialit\u00e0 tra gli studenti. Il campus dell&#8217;EUSA ospita anche una Scuola di Formazione Professionale in pi\u00f9 di 14 settori, una Scuola di Business post-laurea e diverse Scuole di Lingue.<\/p>\r\n\r\n\r\n\r\n<figure class=\"wp-block-image size-full is-resized\"><img loading=\"lazy\" decoding=\"async\" class=\"wp-image-366\" src=\"https:\/\/www.doeer.eu\/wp-content\/uploads\/2023\/04\/Header-SNSPA-FAP_1.png\" alt=\"\" width=\"565\" height=\"64\" \/><\/figure>\r\n\r\n\r\n\r\n<p><a href=\"http:\/\/www.snspa.ro\" data-type=\"URL\" data-id=\"www.snspa.ro\">www.snspa.ro<\/a><\/p>\r\n\r\n\r\n\r\n<p>L&#8217;Universit\u00e0 Nazionale di Studi Politici e Pubblica Amministrazione (SNSPA), fondata nel 1991 come scuola di governance, forma e sviluppa competenze professionali in Scienze Politiche, Sociologia, Studi Amministrativi, Relazioni Internazionali, Diplomazia, Studi Europei, Scienze della Comunicazione, Psicologia, Management, Risorse Umane. La visione istituzionale del SNSPA consiste nell&#8217;implementare un rapporto unico tra apprendimento accademico e cambiamento reale in Romania. L&#8217;SNSPA forma costantemente l&#8217;\u00e9lite rumena e mira a estendere questa capacit\u00e0 di formazione a livello regionale. L&#8217;SNSPA ha ottenuto la certificazione dall&#8217;ARACIS, come universit\u00e0 con un alto grado di fiducia.<\/p>\r\n\r\n\r\n\r\n<figure class=\"wp-block-image size-full is-resized\"><img loading=\"lazy\" decoding=\"async\" class=\"wp-image-372\" src=\"https:\/\/www.doeer.eu\/wp-content\/uploads\/2023\/04\/uk-ba_400x400-e1680539232497.jpg\" alt=\"\" width=\"163\" height=\"186\" srcset=\"https:\/\/www.doeer.eu\/wp-content\/uploads\/2023\/04\/uk-ba_400x400-e1680539232497.jpg 323w, https:\/\/www.doeer.eu\/wp-content\/uploads\/2023\/04\/uk-ba_400x400-e1680539232497-263x300.jpg 263w\" sizes=\"auto, (max-width: 163px) 100vw, 163px\" \/><\/figure>\r\n\r\n\r\n\r\n<p><a href=\"http:\/\/www.uniba.sk\/\">http:\/\/www.uniba.sk\/<\/a><\/p>\r\n\r\n\r\n\r\n<p>L&#8217;Istituto di Studi Europei e Relazioni Internazionali (UK BA) si basa sull&#8217;eredit\u00e0 del Dipartimento di Scienze Politiche, fondato nel 1990 presso l&#8217;Universit\u00e0 Comenius. L&#8217;UK BA ha anche ospitato la cattedra UNESCO per l&#8217;educazione ai diritti umani. I membri dell&#8217;UK BA hanno una formazione multidisciplinare in scienze politiche, sociologia, relazioni internazionali, studi organizzativi, storia, diritto, economia, diplomazia e filosofia. I membri interni ed esterni dell&#8217;UK BA hanno una grande esperienza grazie ai loro studi e alle borse di studio presso i principali istituti di ricerca internazionali. L&#8217;UK BA ha un programma di ricerca attivo nel campo degli studi europei e delle relazioni internazionali, partecipa a numerosi progetti di ricerca internazionali e ha collegamenti con molte universit\u00e0 in tutto il mondo. L&#8217;Istituto collabora inoltre attivamente con il Ministero degli Affari Esteri slovacco nella conduzione di ricerche e nell&#8217;organizzazione di conferenze.<\/p>\r\n\r\n\r\n\r\n<figure class=\"wp-block-image size-full is-resized\"><img loading=\"lazy\" decoding=\"async\" class=\"wp-image-373\" src=\"https:\/\/www.doeer.eu\/wp-content\/uploads\/2023\/04\/COMCY@2.png\" alt=\"\" width=\"419\" height=\"78\" \/><\/figure>\r\n\r\n\r\n\r\n<p><a href=\"https:\/\/comcy.eu\/\">https:\/\/comcy.eu\/<\/a><\/p>\r\n\r\n\r\n\r\n<p>Il CENTRE FOR COMPETENCE DEVELOPMENT CYPRUS (COMCY) \u00e8 un&#8217;organizzazione senza scopo di lucro per la formazione, la ricerca e lo sviluppo, attiva nel campo della gestione di progetti, nella formazione e nell&#8217;istruzione. COMCY si concentra sulla formazione e sullo sviluppo di vari gruppi e settori della societ\u00e0, tra cui gruppi di giovani e individui vulnerabili, anziani e adulti, attraverso la partecipazione a programmi e iniziative dell&#8217;UE e la realizzazione di seminari di formazione ed educazione a Cipro e all&#8217;estero.<br \/>In generale, l&#8217;organizzazione mira a sostenere e potenziare i gruppi sociali vulnerabili, offrendo varie opportunit\u00e0 di sviluppo personale e professionale. Inoltre, COMCY \u00e8 membro dell&#8217;Associazione Europea per l&#8217;Educazione degli Adulti (EAEA) e della Rete Europea di Innovazione per l&#8217;Inclusione.<\/p>\r\n\r\n\r\n\r\n<figure class=\"wp-block-image size-full is-resized\"><img loading=\"lazy\" decoding=\"async\" class=\"wp-image-420\" src=\"https:\/\/www.doeer.eu\/wp-content\/uploads\/2023\/04\/NT_oranzen-2.png\" alt=\"\" width=\"161\" height=\"161\" srcset=\"https:\/\/www.doeer.eu\/wp-content\/uploads\/2023\/04\/NT_oranzen-2.png 735w, https:\/\/www.doeer.eu\/wp-content\/uploads\/2023\/04\/NT_oranzen-2-300x300.png 300w, https:\/\/www.doeer.eu\/wp-content\/uploads\/2023\/04\/NT_oranzen-2-150x150.png 150w\" sizes=\"auto, (max-width: 161px) 100vw, 161px\" \/><\/figure>\r\n\r\n\r\n\r\n<p><a href=\"http:\/\/www.novi-turizem.org\">www.novi-turizem.org<\/a><\/p>\r\n\r\n\r\n\r\n<p>Il New Tourism Institute\/Zavod Novi turizem (ZNT) \u00e8 un istituto di ricerca fondato nel 2009. Il suo scopo principale \u00e8 creare opportunit\u00e0 per lo sviluppo del settore turistico sloveno. L&#8217;Istituto opera su tre pilastri: sviluppo strategico, istruzione e formazione e consulenza. Lo ZNT \u00e8 un&#8217;organizzazione senza scopo di lucro che collabora con organizzazioni e individui proattivi in patria e all&#8217;estero che desiderano sviluppare, promuovere e sostenere un &#8220;turismo nuovo e innovativo&#8221;. Lo ZNT fa anche parte di progetti e reti europee.<\/p>\r\n\r\n\r\n\r\n<figure class=\"wp-block-image size-large is-resized\"><img loading=\"lazy\" decoding=\"async\" class=\"wp-image-375\" src=\"https:\/\/www.doeer.eu\/wp-content\/uploads\/2023\/04\/JanusOcol-1024x161.png\" alt=\"\" width=\"277\" height=\"43\" srcset=\"https:\/\/www.doeer.eu\/wp-content\/uploads\/2023\/04\/JanusOcol-1024x161.png 1024w, https:\/\/www.doeer.eu\/wp-content\/uploads\/2023\/04\/JanusOcol-300x47.png 300w, https:\/\/www.doeer.eu\/wp-content\/uploads\/2023\/04\/JanusOcol-768x121.png 768w, https:\/\/www.doeer.eu\/wp-content\/uploads\/2023\/04\/JanusOcol-1536x242.png 1536w, https:\/\/www.doeer.eu\/wp-content\/uploads\/2023\/04\/JanusOcol.png 2000w\" sizes=\"auto, (max-width: 277px) 100vw, 277px\" \/><\/figure>\r\n\r\n\r\n\r\n<p><a href=\"http:\/\/www.janus.it\">www.janus.it<\/a><\/p>\r\n\r\n\r\n\r\n<p>JANUS s.r.l. \u00e8 una societ\u00e0 privata italiana che crea e sviluppa applicazioni software innovative per enti pubblici e privati, per scopi culturali, di formazione, istruzione e business. JANUS garantisce la compatibilit\u00e0 dei suoi output con qualsiasi tipo di rete (Internet, Intranet e\/o Extranet). I servizi forniti dalla societ\u00e0 comprendono anche la progettazione grafica e la produzione digitale\/multimediale. Tutti i servizi JANUS sono supportati con assistenza, manuali tecnici e formazione. Tra le produzioni di successo di JANUS, ci sono &#8220;AmaMusei&#8221; e &#8220;Amacitt\u00e0&#8221;, che consistono in piattaforme integrate e app basate sul BAC &#8211; Beacon Access Control. Entrambi i prodotti sono ampiamente utilizzati da un gran numero di musei e comuni in Italia.<\/p>\r\n","protected":false},"excerpt":{"rendered":"<p>http:\/\/www.scienzepolitiche.unina.it\/ L&#8217;Universit\u00e0 di Napoli Federico II fu la prima universit\u00e0 finanziata con fondi pubblici in Europa, fondata nel 1224 con una Carta imperiale di Federico II Hohenstaufen, re di Sicilia e imperatore del Sacro Romano Impero. Oggi l&#8217;universit\u00e0 offre corsi in tutte le discipline accademiche, portando a centocinquantacinque corsi di laurea. Le strutture di ricerca [&hellip;]<\/p>\n","protected":false},"author":3,"featured_media":0,"parent":0,"menu_order":0,"comment_status":"closed","ping_status":"closed","template":"","meta":{"pgc_sgb_lightbox_settings":"","footnotes":""},"class_list":["post-362","page","type-page","status-publish","hentry"],"_links":{"self":[{"href":"https:\/\/www.doeer.eu\/it\/wp-json\/wp\/v2\/pages\/362","targetHints":{"allow":["GET"]}}],"collection":[{"href":"https:\/\/www.doeer.eu\/it\/wp-json\/wp\/v2\/pages"}],"about":[{"href":"https:\/\/www.doeer.eu\/it\/wp-json\/wp\/v2\/types\/page"}],"author":[{"embeddable":true,"href":"https:\/\/www.doeer.eu\/it\/wp-json\/wp\/v2\/users\/3"}],"replies":[{"embeddable":true,"href":"https:\/\/www.doeer.eu\/it\/wp-json\/wp\/v2\/comments?post=362"}],"version-history":[{"count":10,"href":"https:\/\/www.doeer.eu\/it\/wp-json\/wp\/v2\/pages\/362\/revisions"}],"predecessor-version":[{"id":424,"href":"https:\/\/www.doeer.eu\/it\/wp-json\/wp\/v2\/pages\/362\/revisions\/424"}],"wp:attachment":[{"href":"https:\/\/www.doeer.eu\/it\/wp-json\/wp\/v2\/media?parent=362"}],"curies":[{"name":"wp","href":"https:\/\/api.w.org\/{rel}","templated":true}]}}