{"id":362,"date":"2023-04-03T18:16:27","date_gmt":"2023-04-03T16:16:27","guid":{"rendered":"https:\/\/www.doeer.eu\/en\/?page_id=362"},"modified":"2023-04-03T19:40:11","modified_gmt":"2023-04-03T17:40:11","slug":"our-team","status":"publish","type":"page","link":"https:\/\/www.doeer.eu\/es\/our-team\/","title":{"rendered":"Equipo"},"content":{"rendered":"\r\n<figure class=\"wp-block-image size-full is-resized\"><img loading=\"lazy\" decoding=\"async\" class=\"wp-image-377\" src=\"https:\/\/www.doeer.eu\/wp-content\/uploads\/2023\/04\/DISP.jpg\" alt=\"\" width=\"145\" height=\"97\" \/><\/figure>\r\n\r\n\r\n\r\n<p><a href=\"http:\/\/www.scienzepolitiche.unina.it\/\">http:\/\/www.scienzepolitiche.unina.it\/<\/a><\/p>\r\n\r\n\r\n\r\n<p>La Universidad Federico II de N\u00e1poles fue la primera universidad p\u00fablica en Europa, fundada en 1224 a trav\u00e9s de una Carta Imperial de Federico II Hohenstaufen, rey de Sicilia y emperador del Sacro Imperio Romano Germ\u00e1nico. A d\u00eda de hoy, la universidad ofrece cursos en pr\u00e1cticamente todas las disciplinas acad\u00e9micas, sumando un total de 150 grados. Los alumnos tienen la oportunidad de desarrollarse intelectualmente a la par que adquieren habilidades profesionales. Actualmente, el n\u00famero de matriculados ronda los 90.000 y el personal docente es de 3.121. <br \/>El departamento de Ciencias Pol\u00edticas es uno de los 26 departamentos de la Universidad Federico II de N\u00e1poles. La did\u00e1ctica y la investigaci\u00f3n est\u00e1n inspiradas en un enfoque multidisciplinar adecuado para alcanzar un entendimiento m\u00e1s amplio de cuestiones sociales para enfrentarse a retos contempor\u00e1neos. Los grados del departamento de Ciencias Pol\u00edticas son \u00fatiles para alcanzar una especializaci\u00f3n de acuerdo con la evoluci\u00f3n con el sistema socioecon\u00f3mico y del mercado laboral, fomentando las oportunidades de empleo cualificado.<\/p>\r\n\r\n\r\n\r\n<figure class=\"wp-block-image size-full is-resized\"><img loading=\"lazy\" decoding=\"async\" class=\"wp-image-365\" src=\"https:\/\/www.doeer.eu\/wp-content\/uploads\/2023\/04\/eusa.png\" alt=\"\" width=\"210\" height=\"77\" \/><\/figure>\r\n\r\n\r\n\r\n<p><a href=\"https:\/\/www.eusa.es\/\">https:\/\/www.eusa.es\/<\/a><\/p>\r\n\r\n\r\n\r\n<p>EUSA es un centro universitario privado con m\u00e1s de 50 a\u00f1os de experiencia en Educaci\u00f3n Superior. EUSA est\u00e1 adscrito a la Universidad de Sevilla y forma parte del Campus de la C\u00e1mara de Comercio de Sevilla. EUSA se centra en la empleabilidad, la innovaci\u00f3n y la internacionalizaci\u00f3n. Todos los programas de movilidad de EUSA est\u00e1n incluidos en los grados oficiales en Comunicaci\u00f3n Audiovisual, Marketing y Relaciones P\u00fablicas, Turismo y Periodismo. Adem\u00e1s, su pol\u00edtica est\u00e1 orientada al mundo laboral y al desarrollo del emprendimiento en los estudiantes. El campus de EUSA incluye un centro de Formaci\u00f3n Profesional con grados en m\u00e1s de 14 \u00e1mbitos, una Escuela de Negocios y varios cursos de Idiomas.<\/p>\r\n\r\n\r\n\r\n<figure class=\"wp-block-image size-full is-resized\"><img loading=\"lazy\" decoding=\"async\" class=\"wp-image-366\" src=\"https:\/\/www.doeer.eu\/wp-content\/uploads\/2023\/04\/Header-SNSPA-FAP_1.png\" alt=\"\" width=\"565\" height=\"64\" \/><\/figure>\r\n\r\n\r\n\r\n<p><a href=\"http:\/\/www.snspa.ro\" data-type=\"URL\" data-id=\"www.snspa.ro\">www.snspa.ro<\/a><\/p>\r\n\r\n\r\n\r\n<p>La Universidad Nacional de Estudios Pol\u00edticos y Administraci\u00f3n P\u00fablica (SNSPA, por sus siglas en ingl\u00e9s), establecida en 1991 como una escuela de gobierno, capacita y desarrolla competencias profesionales en Ciencia Pol\u00edtica, Sociolog\u00eda, Estudios Administrativos, Relaciones Internacionales, Diplomacia, Estudios Europeos, Ciencias de la Comunicaci\u00f3n, Psicolog\u00eda, Gesti\u00f3n y Recursos Humanos. La visi\u00f3n institucional de SNSPA consiste en implementar una relaci\u00f3n \u00fanica entre el aprendizaje acad\u00e9mico y un cambio genuino en Rumania. SNSPA forma constantemente a la \u00e9lite rumana y tiene como objetivo ampliar esta capacidad de formaci\u00f3n a nivel regional. SNSPA obtuvo la certificaci\u00f3n de ARACIS como una universidad con un alto grado de confianza.<\/p>\r\n\r\n\r\n\r\n<figure class=\"wp-block-image size-full is-resized\"><img loading=\"lazy\" decoding=\"async\" class=\"wp-image-372\" src=\"https:\/\/www.doeer.eu\/wp-content\/uploads\/2023\/04\/uk-ba_400x400-e1680539232497.jpg\" alt=\"\" width=\"163\" height=\"186\" srcset=\"https:\/\/www.doeer.eu\/wp-content\/uploads\/2023\/04\/uk-ba_400x400-e1680539232497.jpg 323w, https:\/\/www.doeer.eu\/wp-content\/uploads\/2023\/04\/uk-ba_400x400-e1680539232497-263x300.jpg 263w\" sizes=\"auto, (max-width: 163px) 100vw, 163px\" \/><\/figure>\r\n\r\n\r\n\r\n<p><a href=\"http:\/\/www.uniba.sk\/\">http:\/\/www.uniba.sk\/<\/a><\/p>\r\n\r\n\r\n\r\n<p>El Instituto de Estudios Europeos y Relaciones Internacionales (Universidad Comenius de Bratislava, o UK BA) contin\u00faa el legado del Departamento de Ciencias Pol\u00edticas, fundado en 1990 de la Universidad de Comenius. La UK BA ha organizado adem\u00e1s la C\u00e1tedra UNESCO sobre Derechos Humanos y Educaci\u00f3n. Los miembros de la UK BA tienen una formaci\u00f3n multidisciplinar en ciencias pol\u00edticas, sociolog\u00eda, relaciones internacionales, historia, derecho, econom\u00eda, diplomacia y filosof\u00eda. Los miembros, tanto internos como externos, tienen bastante experiencia gracias a sus estudios y becas de investigaci\u00f3n en las mejores instituciones de investigaci\u00f3n internacionales.<br \/>La UK BA tiene una agenda de investigaci\u00f3n activa y participa en diversos proyectos de investigaci\u00f3n internacionales. Tambi\u00e9n tiene contacto con m\u00faltiples universidades alrededor del mundo. El Instituto tambi\u00e9n coopera activamente con el Ministerio de Asuntos Exteriores de Eslovaquia en investigaci\u00f3n y en la organizaci\u00f3n de conferencias.<br \/>.<\/p>\r\n\r\n\r\n\r\n<figure class=\"wp-block-image size-full is-resized\"><img loading=\"lazy\" decoding=\"async\" class=\"wp-image-373\" src=\"https:\/\/www.doeer.eu\/wp-content\/uploads\/2023\/04\/COMCY@2.png\" alt=\"\" width=\"419\" height=\"78\" \/><\/figure>\r\n\r\n\r\n\r\n<p><a href=\"https:\/\/comcy.eu\/\">https:\/\/comcy.eu\/<\/a><\/p>\r\n\r\n\r\n\r\n<p>El Centro para el Desarrollo de la Competencia de Chipre (Centre for Competence Development Cyprus, COMCY) es una organizaci\u00f3n sin \u00e1nimo de lucro dedicada a la formaci\u00f3n, la investigaci\u00f3n y el desarrollo, activa en el campo de la gesti\u00f3n de proyectos, la formaci\u00f3n y la educaci\u00f3n. El COMCY se centra en la formaci\u00f3n y el desarrollo de diversos grupos y sectores de la sociedad, incluidos los j\u00f3venes y los mayores y adultos vulnerables, mediante su participaci\u00f3n en programas e iniciativas de la UE, y la implementaci\u00f3n de formaci\u00f3n y seminarios educativos en Chipre y en el extranjero.<br \/>En general, la organizaci\u00f3n tiene como objetivo apoyar y empoderar a los grupos sociales en estado de vulnerabilidad, ofreci\u00e9ndoles diversas oportunidades para desarrollarse personal y profesionalmente. Adem\u00e1s, el COMCY es miembro de la Asociaci\u00f3n Europea de la Educaci\u00f3n de Adultos (European Association for the Education of Adults, EAEA) y de la Red Europea de Innovaci\u00f3n por la Inclusi\u00f3n.<br \/>.<\/p>\r\n\r\n\r\n\r\n<figure class=\"wp-block-image size-full is-resized\"><img loading=\"lazy\" decoding=\"async\" class=\"wp-image-420\" src=\"https:\/\/www.doeer.eu\/wp-content\/uploads\/2023\/04\/NT_oranzen-2.png\" alt=\"\" width=\"161\" height=\"161\" srcset=\"https:\/\/www.doeer.eu\/wp-content\/uploads\/2023\/04\/NT_oranzen-2.png 735w, https:\/\/www.doeer.eu\/wp-content\/uploads\/2023\/04\/NT_oranzen-2-300x300.png 300w, https:\/\/www.doeer.eu\/wp-content\/uploads\/2023\/04\/NT_oranzen-2-150x150.png 150w\" sizes=\"auto, (max-width: 161px) 100vw, 161px\" \/><\/figure>\r\n\r\n\r\n\r\n<p><a href=\"http:\/\/www.novi-turizem.org\">www.novi-turizem.org<\/a><\/p>\r\n\r\n\r\n\r\n<p>El Instituto de Nuevo Turismo (Zavod Novi turizem, ZNT) es un instituto de investigaci\u00f3n fundado en 2009. Su prop\u00f3sito principal es la creaci\u00f3n de oportunidades para el desarrollo del sector tur\u00edstico esloveno. El Instituto opera en base a tres pilares: el desarrollo estrat\u00e9gico, la educaci\u00f3n y la formaci\u00f3n, y el asesoramiento. <br \/>El ZNT es una organizaci\u00f3n sin \u00e1nimo de lucro que coopera con organizaciones proactivas e individuos locales e internacionales que desean desarrollar, fomentar y sustanciar un turismo nuevo e innovador. El ZNT tambi\u00e9n forma parte de proyectos y redes europeos.<br \/>.<\/p>\r\n\r\n\r\n\r\n<figure class=\"wp-block-image size-large is-resized\"><img loading=\"lazy\" decoding=\"async\" class=\"wp-image-375\" src=\"https:\/\/www.doeer.eu\/wp-content\/uploads\/2023\/04\/JanusOcol-1024x161.png\" alt=\"\" width=\"277\" height=\"43\" srcset=\"https:\/\/www.doeer.eu\/wp-content\/uploads\/2023\/04\/JanusOcol-1024x161.png 1024w, https:\/\/www.doeer.eu\/wp-content\/uploads\/2023\/04\/JanusOcol-300x47.png 300w, https:\/\/www.doeer.eu\/wp-content\/uploads\/2023\/04\/JanusOcol-768x121.png 768w, https:\/\/www.doeer.eu\/wp-content\/uploads\/2023\/04\/JanusOcol-1536x242.png 1536w, https:\/\/www.doeer.eu\/wp-content\/uploads\/2023\/04\/JanusOcol.png 2000w\" sizes=\"auto, (max-width: 277px) 100vw, 277px\" \/><\/figure>\r\n\r\n\r\n\r\n<p><a href=\"http:\/\/www.janus.it\">www.janus.it<\/a><\/p>\r\n\r\n\r\n\r\n<p>JANUS S.R.L. es una empresa privada italiana que crea y desarrolla aplicaciones software innovadoras para entidades p\u00fablicas y privadas en materias de cultura, formaci\u00f3n y educaci\u00f3n, adem\u00e1s de para los negocios. JANUS asegura la compatibilidad de sus productos con cualquier tipo de red (internet, intranet o extranet). Los servicios que ofrecen tambi\u00e9n incluyen dise\u00f1o gr\u00e1fico y producci\u00f3n digital y multimedia. Todos los servicios de JANUS cuentan con asistencia, manuales t\u00e9cnicos y formaci\u00f3n. Entre los productos m\u00e1s populares de JANUS se encuentran AmaMusei y Amacitt\u00e0, plataformas y aplicaciones integradas basadas en el control del acceso a trav\u00e9s de se\u00f1ales (Beacon Access Control, BAC). Ambos productos se emplean por un amplio n\u00famero de museos y ayuntamientos en Italia.<\/p>\r\n","protected":false},"excerpt":{"rendered":"<p>http:\/\/www.scienzepolitiche.unina.it\/ La Universidad Federico II de N\u00e1poles fue la primera universidad p\u00fablica en Europa, fundada en 1224 a trav\u00e9s de una Carta Imperial de Federico II Hohenstaufen, rey de Sicilia y emperador del Sacro Imperio Romano Germ\u00e1nico. A d\u00eda de hoy, la universidad ofrece cursos en pr\u00e1cticamente todas las disciplinas acad\u00e9micas, sumando un total de [&hellip;]<\/p>\n","protected":false},"author":3,"featured_media":0,"parent":0,"menu_order":0,"comment_status":"closed","ping_status":"closed","template":"","meta":{"pgc_sgb_lightbox_settings":"","footnotes":""},"class_list":["post-362","page","type-page","status-publish","hentry"],"_links":{"self":[{"href":"https:\/\/www.doeer.eu\/es\/wp-json\/wp\/v2\/pages\/362","targetHints":{"allow":["GET"]}}],"collection":[{"href":"https:\/\/www.doeer.eu\/es\/wp-json\/wp\/v2\/pages"}],"about":[{"href":"https:\/\/www.doeer.eu\/es\/wp-json\/wp\/v2\/types\/page"}],"author":[{"embeddable":true,"href":"https:\/\/www.doeer.eu\/es\/wp-json\/wp\/v2\/users\/3"}],"replies":[{"embeddable":true,"href":"https:\/\/www.doeer.eu\/es\/wp-json\/wp\/v2\/comments?post=362"}],"version-history":[{"count":10,"href":"https:\/\/www.doeer.eu\/es\/wp-json\/wp\/v2\/pages\/362\/revisions"}],"predecessor-version":[{"id":424,"href":"https:\/\/www.doeer.eu\/es\/wp-json\/wp\/v2\/pages\/362\/revisions\/424"}],"wp:attachment":[{"href":"https:\/\/www.doeer.eu\/es\/wp-json\/wp\/v2\/media?parent=362"}],"curies":[{"name":"wp","href":"https:\/\/api.w.org\/{rel}","templated":true}]}}